{"id":5182,"date":"2025-02-06T18:38:56","date_gmt":"2025-02-06T18:38:56","guid":{"rendered":"https:\/\/givingkitchen.org\/team-hidi\/"},"modified":"2025-04-23T11:02:25","modified_gmt":"2025-04-23T11:02:25","slug":"team-hidi","status":"publish","type":"page","link":"https:\/\/givingkitchen.org\/es\/team-hidi\/","title":{"rendered":"Team Hidi"},"content":{"rendered":"","protected":false},"excerpt":{"rendered":"","protected":false},"author":2,"featured_media":2546,"parent":0,"menu_order":0,"comment_status":"closed","ping_status":"closed","template":"","meta":{"footnotes":""},"class_list":["post-5182","page","type-page","status-publish","has-post-thumbnail","hentry"],"acf":[],"yoast_head":"<!-- This site is optimized with the Yoast SEO plugin v27.4 - https:\/\/yoast.com\/product\/yoast-seo-wordpress\/ -->\n<title>Team Hidi - Experiencia gastron\u00f3mica para recaudar fondos en Atlanta<\/title>\n<meta name=\"description\" content=\"Obtenga m\u00e1s informaci\u00f3n y compre entradas para el mayor evento de recaudaci\u00f3n de fondos de Giving Kitchen, en el que se presentan diversos sabores de restaurantes de toda Atlanta.\" \/>\n<meta name=\"robots\" content=\"index, follow, max-snippet:-1, max-image-preview:large, max-video-preview:-1\" \/>\n<link rel=\"canonical\" href=\"https:\/\/givingkitchen.org\/es\/team-hidi\/\" \/>\n<meta property=\"og:locale\" content=\"es_ES\" \/>\n<meta property=\"og:type\" content=\"article\" \/>\n<meta property=\"og:title\" content=\"Team Hidi - Experiencia gastron\u00f3mica para recaudar fondos en Atlanta\" \/>\n<meta property=\"og:description\" content=\"Obtenga m\u00e1s informaci\u00f3n y compre entradas para el mayor evento de recaudaci\u00f3n de fondos de Giving Kitchen, en el que se presentan diversos sabores de restaurantes de toda Atlanta.\" \/>\n<meta property=\"og:url\" content=\"https:\/\/givingkitchen.org\/es\/team-hidi\/\" \/>\n<meta property=\"og:site_name\" content=\"Giving Kitchen\" \/>\n<meta property=\"article:modified_time\" content=\"2025-04-23T11:02:25+00:00\" \/>\n<meta property=\"og:image\" content=\"https:\/\/givingkitchen.org\/wp-content\/uploads\/2024\/12\/events-heading-1-e1738248315905.png\" \/>\n\t<meta property=\"og:image:width\" content=\"560\" \/>\n\t<meta property=\"og:image:height\" content=\"558\" \/>\n\t<meta property=\"og:image:type\" content=\"image\/png\" \/>\n<meta name=\"twitter:card\" content=\"summary_large_image\" \/>\n<meta name=\"twitter:label1\" content=\"Est. reading time\" \/>\n\t<meta name=\"twitter:data1\" content=\"1 minuto\" \/>\n<script type=\"application\/ld+json\" class=\"yoast-schema-graph\">{\"@context\":\"https:\\\/\\\/schema.org\",\"@graph\":[{\"@type\":\"WebPage\",\"@id\":\"https:\\\/\\\/givingkitchen.org\\\/es\\\/team-hidi\\\/\",\"url\":\"https:\\\/\\\/givingkitchen.org\\\/es\\\/team-hidi\\\/\",\"name\":\"Team Hidi - Experiencia gastron\u00f3mica para recaudar fondos en Atlanta\",\"isPartOf\":{\"@id\":\"https:\\\/\\\/givingkitchen.org\\\/es\\\/#website\"},\"primaryImageOfPage\":{\"@id\":\"https:\\\/\\\/givingkitchen.org\\\/es\\\/team-hidi\\\/#primaryimage\"},\"image\":{\"@id\":\"https:\\\/\\\/givingkitchen.org\\\/es\\\/team-hidi\\\/#primaryimage\"},\"thumbnailUrl\":\"https:\\\/\\\/givingkitchen.org\\\/wp-content\\\/uploads\\\/2024\\\/12\\\/events-heading-1-e1738248315905.png\",\"datePublished\":\"2025-02-06T18:38:56+00:00\",\"dateModified\":\"2025-04-23T11:02:25+00:00\",\"description\":\"Obtenga m\u00e1s informaci\u00f3n y compre entradas para el mayor evento de recaudaci\u00f3n de fondos de Giving Kitchen, en el que se presentan diversos sabores de restaurantes de toda Atlanta.\",\"breadcrumb\":{\"@id\":\"https:\\\/\\\/givingkitchen.org\\\/es\\\/team-hidi\\\/#breadcrumb\"},\"inLanguage\":\"es\",\"potentialAction\":[{\"@type\":\"ReadAction\",\"target\":[\"https:\\\/\\\/givingkitchen.org\\\/es\\\/team-hidi\\\/\"]}]},{\"@type\":\"ImageObject\",\"inLanguage\":\"es\",\"@id\":\"https:\\\/\\\/givingkitchen.org\\\/es\\\/team-hidi\\\/#primaryimage\",\"url\":\"https:\\\/\\\/givingkitchen.org\\\/wp-content\\\/uploads\\\/2024\\\/12\\\/events-heading-1-e1738248315905.png\",\"contentUrl\":\"https:\\\/\\\/givingkitchen.org\\\/wp-content\\\/uploads\\\/2024\\\/12\\\/events-heading-1-e1738248315905.png\",\"width\":560,\"height\":558},{\"@type\":\"BreadcrumbList\",\"@id\":\"https:\\\/\\\/givingkitchen.org\\\/es\\\/team-hidi\\\/#breadcrumb\",\"itemListElement\":[{\"@type\":\"ListItem\",\"position\":1,\"name\":\"Home\",\"item\":\"https:\\\/\\\/givingkitchen.org\\\/es\\\/\"},{\"@type\":\"ListItem\",\"position\":2,\"name\":\"Team Hidi\"}]},{\"@type\":\"WebSite\",\"@id\":\"https:\\\/\\\/givingkitchen.org\\\/es\\\/#website\",\"url\":\"https:\\\/\\\/givingkitchen.org\\\/es\\\/\",\"name\":\"Giving Kitchen\",\"description\":\"\",\"potentialAction\":[{\"@type\":\"SearchAction\",\"target\":{\"@type\":\"EntryPoint\",\"urlTemplate\":\"https:\\\/\\\/givingkitchen.org\\\/es\\\/?s={search_term_string}\"},\"query-input\":{\"@type\":\"PropertyValueSpecification\",\"valueRequired\":true,\"valueName\":\"search_term_string\"}}],\"inLanguage\":\"es\"}]}<\/script>\n<!-- \/ Yoast SEO plugin. -->","yoast_head_json":{"title":"Team Hidi - Experiencia gastron\u00f3mica para recaudar fondos en Atlanta","description":"Obtenga m\u00e1s informaci\u00f3n y compre entradas para el mayor evento de recaudaci\u00f3n de fondos de Giving Kitchen, en el que se presentan diversos sabores de restaurantes de toda Atlanta.","robots":{"index":"index","follow":"follow","max-snippet":"max-snippet:-1","max-image-preview":"max-image-preview:large","max-video-preview":"max-video-preview:-1"},"canonical":"https:\/\/givingkitchen.org\/es\/team-hidi\/","og_locale":"es_ES","og_type":"article","og_title":"Team Hidi - Experiencia gastron\u00f3mica para recaudar fondos en Atlanta","og_description":"Obtenga m\u00e1s informaci\u00f3n y compre entradas para el mayor evento de recaudaci\u00f3n de fondos de Giving Kitchen, en el que se presentan diversos sabores de restaurantes de toda Atlanta.","og_url":"https:\/\/givingkitchen.org\/es\/team-hidi\/","og_site_name":"Giving Kitchen","article_modified_time":"2025-04-23T11:02:25+00:00","og_image":[{"width":560,"height":558,"url":"https:\/\/givingkitchen.org\/wp-content\/uploads\/2024\/12\/events-heading-1-e1738248315905.png","type":"image\/png"}],"twitter_card":"summary_large_image","twitter_misc":{"Est. reading time":"1 minuto"},"schema":{"@context":"https:\/\/schema.org","@graph":[{"@type":"WebPage","@id":"https:\/\/givingkitchen.org\/es\/team-hidi\/","url":"https:\/\/givingkitchen.org\/es\/team-hidi\/","name":"Team Hidi - Experiencia gastron\u00f3mica para recaudar fondos en Atlanta","isPartOf":{"@id":"https:\/\/givingkitchen.org\/es\/#website"},"primaryImageOfPage":{"@id":"https:\/\/givingkitchen.org\/es\/team-hidi\/#primaryimage"},"image":{"@id":"https:\/\/givingkitchen.org\/es\/team-hidi\/#primaryimage"},"thumbnailUrl":"https:\/\/givingkitchen.org\/wp-content\/uploads\/2024\/12\/events-heading-1-e1738248315905.png","datePublished":"2025-02-06T18:38:56+00:00","dateModified":"2025-04-23T11:02:25+00:00","description":"Obtenga m\u00e1s informaci\u00f3n y compre entradas para el mayor evento de recaudaci\u00f3n de fondos de Giving Kitchen, en el que se presentan diversos sabores de restaurantes de toda Atlanta.","breadcrumb":{"@id":"https:\/\/givingkitchen.org\/es\/team-hidi\/#breadcrumb"},"inLanguage":"es","potentialAction":[{"@type":"ReadAction","target":["https:\/\/givingkitchen.org\/es\/team-hidi\/"]}]},{"@type":"ImageObject","inLanguage":"es","@id":"https:\/\/givingkitchen.org\/es\/team-hidi\/#primaryimage","url":"https:\/\/givingkitchen.org\/wp-content\/uploads\/2024\/12\/events-heading-1-e1738248315905.png","contentUrl":"https:\/\/givingkitchen.org\/wp-content\/uploads\/2024\/12\/events-heading-1-e1738248315905.png","width":560,"height":558},{"@type":"BreadcrumbList","@id":"https:\/\/givingkitchen.org\/es\/team-hidi\/#breadcrumb","itemListElement":[{"@type":"ListItem","position":1,"name":"Home","item":"https:\/\/givingkitchen.org\/es\/"},{"@type":"ListItem","position":2,"name":"Team Hidi"}]},{"@type":"WebSite","@id":"https:\/\/givingkitchen.org\/es\/#website","url":"https:\/\/givingkitchen.org\/es\/","name":"Giving Kitchen","description":"","potentialAction":[{"@type":"SearchAction","target":{"@type":"EntryPoint","urlTemplate":"https:\/\/givingkitchen.org\/es\/?s={search_term_string}"},"query-input":{"@type":"PropertyValueSpecification","valueRequired":true,"valueName":"search_term_string"}}],"inLanguage":"es"}]}},"_links":{"self":[{"href":"https:\/\/givingkitchen.org\/es\/wp-json\/wp\/v2\/pages\/5182","targetHints":{"allow":["GET"]}}],"collection":[{"href":"https:\/\/givingkitchen.org\/es\/wp-json\/wp\/v2\/pages"}],"about":[{"href":"https:\/\/givingkitchen.org\/es\/wp-json\/wp\/v2\/types\/page"}],"author":[{"embeddable":true,"href":"https:\/\/givingkitchen.org\/es\/wp-json\/wp\/v2\/users\/2"}],"replies":[{"embeddable":true,"href":"https:\/\/givingkitchen.org\/es\/wp-json\/wp\/v2\/comments?post=5182"}],"version-history":[{"count":0,"href":"https:\/\/givingkitchen.org\/es\/wp-json\/wp\/v2\/pages\/5182\/revisions"}],"wp:featuredmedia":[{"embeddable":true,"href":"https:\/\/givingkitchen.org\/es\/wp-json\/wp\/v2\/media\/2546"}],"wp:attachment":[{"href":"https:\/\/givingkitchen.org\/es\/wp-json\/wp\/v2\/media?parent=5182"}],"curies":[{"name":"wp","href":"https:\/\/api.w.org\/{rel}","templated":true}]}}