{"id":5073,"date":"2025-03-13T17:32:18","date_gmt":"2025-03-13T17:32:18","guid":{"rendered":"https:\/\/givingkitchen.org\/get-involved\/other-ways-to-give\/memorial-giving\/"},"modified":"2025-03-18T11:45:25","modified_gmt":"2025-03-18T11:45:25","slug":"memorial-giving","status":"publish","type":"page","link":"https:\/\/givingkitchen.org\/es\/get-involved\/other-ways-to-give\/memorial-giving\/","title":{"rendered":"Conmemoraci\u00f3n de los ca\u00eddos"},"content":{"rendered":"","protected":false},"excerpt":{"rendered":"","protected":false},"author":2,"featured_media":0,"parent":4689,"menu_order":0,"comment_status":"closed","ping_status":"closed","template":"","meta":{"footnotes":""},"class_list":["post-5073","page","type-page","status-publish","hentry"],"acf":[],"yoast_head":"<!-- This site is optimized with the Yoast SEO plugin v27.3 - https:\/\/yoast.com\/product\/yoast-seo-wordpress\/ -->\n<title>Conmemoraci\u00f3n de los ca\u00eddos - Giving Kitchen<\/title>\n<meta name=\"description\" content=\"Nuestro equipo de donaciones conmemorativas puede ayudar a conmemorar una ocasi\u00f3n especial, marcar un logro en la vida u honrar el legado de un ser querido.\" \/>\n<meta name=\"robots\" content=\"index, follow, max-snippet:-1, max-image-preview:large, max-video-preview:-1\" \/>\n<link rel=\"canonical\" href=\"https:\/\/givingkitchen.org\/es\/get-involved\/other-ways-to-give\/memorial-giving\/\" \/>\n<meta property=\"og:locale\" content=\"es_ES\" \/>\n<meta property=\"og:type\" content=\"article\" \/>\n<meta property=\"og:title\" content=\"Conmemoraci\u00f3n de los ca\u00eddos - Giving Kitchen\" \/>\n<meta property=\"og:description\" content=\"Nuestro equipo de donaciones conmemorativas puede ayudar a conmemorar una ocasi\u00f3n especial, marcar un logro en la vida u honrar el legado de un ser querido.\" \/>\n<meta property=\"og:url\" content=\"https:\/\/givingkitchen.org\/es\/get-involved\/other-ways-to-give\/memorial-giving\/\" \/>\n<meta property=\"og:site_name\" content=\"Giving Kitchen\" \/>\n<meta property=\"article:modified_time\" content=\"2025-03-18T11:45:25+00:00\" \/>\n<meta property=\"og:image\" content=\"https:\/\/givingkitchen.org\/wp-content\/uploads\/2025\/03\/website_hero-e1743706953140.png\" \/>\n\t<meta property=\"og:image:width\" content=\"2084\" \/>\n\t<meta property=\"og:image:height\" content=\"1330\" \/>\n\t<meta property=\"og:image:type\" content=\"image\/png\" \/>\n<meta name=\"twitter:card\" content=\"summary_large_image\" \/>\n<script type=\"application\/ld+json\" class=\"yoast-schema-graph\">{\"@context\":\"https:\\\/\\\/schema.org\",\"@graph\":[{\"@type\":\"WebPage\",\"@id\":\"https:\\\/\\\/givingkitchen.org\\\/es\\\/get-involved\\\/other-ways-to-give\\\/memorial-giving\\\/\",\"url\":\"https:\\\/\\\/givingkitchen.org\\\/es\\\/get-involved\\\/other-ways-to-give\\\/memorial-giving\\\/\",\"name\":\"Conmemoraci\u00f3n de los ca\u00eddos - Giving Kitchen\",\"isPartOf\":{\"@id\":\"https:\\\/\\\/givingkitchen.org\\\/es\\\/#website\"},\"datePublished\":\"2025-03-13T17:32:18+00:00\",\"dateModified\":\"2025-03-18T11:45:25+00:00\",\"description\":\"Nuestro equipo de donaciones conmemorativas puede ayudar a conmemorar una ocasi\u00f3n especial, marcar un logro en la vida u honrar el legado de un ser querido.\",\"breadcrumb\":{\"@id\":\"https:\\\/\\\/givingkitchen.org\\\/es\\\/get-involved\\\/other-ways-to-give\\\/memorial-giving\\\/#breadcrumb\"},\"inLanguage\":\"es\",\"potentialAction\":[{\"@type\":\"ReadAction\",\"target\":[\"https:\\\/\\\/givingkitchen.org\\\/es\\\/get-involved\\\/other-ways-to-give\\\/memorial-giving\\\/\"]}]},{\"@type\":\"BreadcrumbList\",\"@id\":\"https:\\\/\\\/givingkitchen.org\\\/es\\\/get-involved\\\/other-ways-to-give\\\/memorial-giving\\\/#breadcrumb\",\"itemListElement\":[{\"@type\":\"ListItem\",\"position\":1,\"name\":\"Home\",\"item\":\"https:\\\/\\\/givingkitchen.org\\\/es\\\/\"},{\"@type\":\"ListItem\",\"position\":2,\"name\":\"Participa\",\"item\":\"https:\\\/\\\/givingkitchen.org\\\/es\\\/get-involved\\\/\"},{\"@type\":\"ListItem\",\"position\":3,\"name\":\"Otras formas de donar\",\"item\":\"https:\\\/\\\/givingkitchen.org\\\/es\\\/get-involved\\\/other-ways-to-give\\\/\"},{\"@type\":\"ListItem\",\"position\":4,\"name\":\"Conmemoraci\u00f3n de los ca\u00eddos\"}]},{\"@type\":\"WebSite\",\"@id\":\"https:\\\/\\\/givingkitchen.org\\\/es\\\/#website\",\"url\":\"https:\\\/\\\/givingkitchen.org\\\/es\\\/\",\"name\":\"Giving Kitchen\",\"description\":\"\",\"potentialAction\":[{\"@type\":\"SearchAction\",\"target\":{\"@type\":\"EntryPoint\",\"urlTemplate\":\"https:\\\/\\\/givingkitchen.org\\\/es\\\/?s={search_term_string}\"},\"query-input\":{\"@type\":\"PropertyValueSpecification\",\"valueRequired\":true,\"valueName\":\"search_term_string\"}}],\"inLanguage\":\"es\"}]}<\/script>\n<!-- \/ Yoast SEO plugin. -->","yoast_head_json":{"title":"Conmemoraci\u00f3n de los ca\u00eddos - Giving Kitchen","description":"Nuestro equipo de donaciones conmemorativas puede ayudar a conmemorar una ocasi\u00f3n especial, marcar un logro en la vida u honrar el legado de un ser querido.","robots":{"index":"index","follow":"follow","max-snippet":"max-snippet:-1","max-image-preview":"max-image-preview:large","max-video-preview":"max-video-preview:-1"},"canonical":"https:\/\/givingkitchen.org\/es\/get-involved\/other-ways-to-give\/memorial-giving\/","og_locale":"es_ES","og_type":"article","og_title":"Conmemoraci\u00f3n de los ca\u00eddos - Giving Kitchen","og_description":"Nuestro equipo de donaciones conmemorativas puede ayudar a conmemorar una ocasi\u00f3n especial, marcar un logro en la vida u honrar el legado de un ser querido.","og_url":"https:\/\/givingkitchen.org\/es\/get-involved\/other-ways-to-give\/memorial-giving\/","og_site_name":"Giving Kitchen","article_modified_time":"2025-03-18T11:45:25+00:00","og_image":[{"width":2084,"height":1330,"url":"https:\/\/givingkitchen.org\/wp-content\/uploads\/2025\/03\/website_hero-e1743706953140.png","type":"image\/png"}],"twitter_card":"summary_large_image","schema":{"@context":"https:\/\/schema.org","@graph":[{"@type":"WebPage","@id":"https:\/\/givingkitchen.org\/es\/get-involved\/other-ways-to-give\/memorial-giving\/","url":"https:\/\/givingkitchen.org\/es\/get-involved\/other-ways-to-give\/memorial-giving\/","name":"Conmemoraci\u00f3n de los ca\u00eddos - Giving Kitchen","isPartOf":{"@id":"https:\/\/givingkitchen.org\/es\/#website"},"datePublished":"2025-03-13T17:32:18+00:00","dateModified":"2025-03-18T11:45:25+00:00","description":"Nuestro equipo de donaciones conmemorativas puede ayudar a conmemorar una ocasi\u00f3n especial, marcar un logro en la vida u honrar el legado de un ser querido.","breadcrumb":{"@id":"https:\/\/givingkitchen.org\/es\/get-involved\/other-ways-to-give\/memorial-giving\/#breadcrumb"},"inLanguage":"es","potentialAction":[{"@type":"ReadAction","target":["https:\/\/givingkitchen.org\/es\/get-involved\/other-ways-to-give\/memorial-giving\/"]}]},{"@type":"BreadcrumbList","@id":"https:\/\/givingkitchen.org\/es\/get-involved\/other-ways-to-give\/memorial-giving\/#breadcrumb","itemListElement":[{"@type":"ListItem","position":1,"name":"Home","item":"https:\/\/givingkitchen.org\/es\/"},{"@type":"ListItem","position":2,"name":"Participa","item":"https:\/\/givingkitchen.org\/es\/get-involved\/"},{"@type":"ListItem","position":3,"name":"Otras formas de donar","item":"https:\/\/givingkitchen.org\/es\/get-involved\/other-ways-to-give\/"},{"@type":"ListItem","position":4,"name":"Conmemoraci\u00f3n de los ca\u00eddos"}]},{"@type":"WebSite","@id":"https:\/\/givingkitchen.org\/es\/#website","url":"https:\/\/givingkitchen.org\/es\/","name":"Giving Kitchen","description":"","potentialAction":[{"@type":"SearchAction","target":{"@type":"EntryPoint","urlTemplate":"https:\/\/givingkitchen.org\/es\/?s={search_term_string}"},"query-input":{"@type":"PropertyValueSpecification","valueRequired":true,"valueName":"search_term_string"}}],"inLanguage":"es"}]}},"_links":{"self":[{"href":"https:\/\/givingkitchen.org\/es\/wp-json\/wp\/v2\/pages\/5073","targetHints":{"allow":["GET"]}}],"collection":[{"href":"https:\/\/givingkitchen.org\/es\/wp-json\/wp\/v2\/pages"}],"about":[{"href":"https:\/\/givingkitchen.org\/es\/wp-json\/wp\/v2\/types\/page"}],"author":[{"embeddable":true,"href":"https:\/\/givingkitchen.org\/es\/wp-json\/wp\/v2\/users\/2"}],"replies":[{"embeddable":true,"href":"https:\/\/givingkitchen.org\/es\/wp-json\/wp\/v2\/comments?post=5073"}],"version-history":[{"count":0,"href":"https:\/\/givingkitchen.org\/es\/wp-json\/wp\/v2\/pages\/5073\/revisions"}],"up":[{"embeddable":true,"href":"https:\/\/givingkitchen.org\/es\/wp-json\/wp\/v2\/pages\/4689"}],"wp:attachment":[{"href":"https:\/\/givingkitchen.org\/es\/wp-json\/wp\/v2\/media?parent=5073"}],"curies":[{"name":"wp","href":"https:\/\/api.w.org\/{rel}","templated":true}]}}