{"id":4801,"date":"2025-01-23T12:38:53","date_gmt":"2025-01-23T12:38:53","guid":{"rendered":"https:\/\/givingkitchen.org\/help\/"},"modified":"2026-02-12T19:03:39","modified_gmt":"2026-02-12T19:03:39","slug":"help","status":"publish","type":"page","link":"https:\/\/givingkitchen.org\/es\/help\/","title":{"rendered":"Pedir ayuda"},"content":{"rendered":"","protected":false},"excerpt":{"rendered":"","protected":false},"author":3,"featured_media":0,"parent":0,"menu_order":0,"comment_status":"closed","ping_status":"closed","template":"","meta":{"footnotes":""},"class_list":["post-4801","page","type-page","status-publish","hentry"],"acf":[],"yoast_head":"<!-- This site is optimized with the Yoast SEO plugin v27.3 - https:\/\/yoast.com\/product\/yoast-seo-wordpress\/ -->\n<title>Pedir ayuda<\/title>\n<meta name=\"description\" content=\"Si usted es un trabajador de servicios alimentarios en crisis, dedique un momento a rellenar nuestro formulario y recibir\u00e1 un correo electr\u00f3nico de Giving Kitchen con m\u00e1s informaci\u00f3n.\" \/>\n<meta name=\"robots\" content=\"index, follow, max-snippet:-1, max-image-preview:large, max-video-preview:-1\" \/>\n<link rel=\"canonical\" href=\"https:\/\/givingkitchen.org\/es\/help\/\" \/>\n<meta property=\"og:locale\" content=\"es_ES\" \/>\n<meta property=\"og:type\" content=\"article\" \/>\n<meta property=\"og:title\" content=\"Pedir ayuda\" \/>\n<meta property=\"og:description\" content=\"Si usted es un trabajador de servicios alimentarios en crisis, dedique un momento a rellenar nuestro formulario y recibir\u00e1 un correo electr\u00f3nico de Giving Kitchen con m\u00e1s informaci\u00f3n.\" \/>\n<meta property=\"og:url\" content=\"https:\/\/givingkitchen.org\/es\/help\/\" \/>\n<meta property=\"og:site_name\" content=\"Giving Kitchen\" \/>\n<meta property=\"article:modified_time\" content=\"2026-02-12T19:03:39+00:00\" \/>\n<meta property=\"og:image\" content=\"https:\/\/givingkitchen.org\/wp-content\/uploads\/2025\/03\/website_hero-e1743706953140.png\" \/>\n\t<meta property=\"og:image:width\" content=\"2084\" \/>\n\t<meta property=\"og:image:height\" content=\"1330\" \/>\n\t<meta property=\"og:image:type\" content=\"image\/png\" \/>\n<meta name=\"twitter:card\" content=\"summary_large_image\" \/>\n<script type=\"application\/ld+json\" class=\"yoast-schema-graph\">{\"@context\":\"https:\\\/\\\/schema.org\",\"@graph\":[{\"@type\":\"WebPage\",\"@id\":\"https:\\\/\\\/givingkitchen.org\\\/es\\\/help\\\/\",\"url\":\"https:\\\/\\\/givingkitchen.org\\\/es\\\/help\\\/\",\"name\":\"Pedir ayuda\",\"isPartOf\":{\"@id\":\"https:\\\/\\\/givingkitchen.org\\\/es\\\/#website\"},\"datePublished\":\"2025-01-23T12:38:53+00:00\",\"dateModified\":\"2026-02-12T19:03:39+00:00\",\"description\":\"Si usted es un trabajador de servicios alimentarios en crisis, dedique un momento a rellenar nuestro formulario y recibir\u00e1 un correo electr\u00f3nico de Giving Kitchen con m\u00e1s informaci\u00f3n.\",\"breadcrumb\":{\"@id\":\"https:\\\/\\\/givingkitchen.org\\\/es\\\/help\\\/#breadcrumb\"},\"inLanguage\":\"es\",\"potentialAction\":[{\"@type\":\"ReadAction\",\"target\":[\"https:\\\/\\\/givingkitchen.org\\\/es\\\/help\\\/\"]}]},{\"@type\":\"BreadcrumbList\",\"@id\":\"https:\\\/\\\/givingkitchen.org\\\/es\\\/help\\\/#breadcrumb\",\"itemListElement\":[{\"@type\":\"ListItem\",\"position\":1,\"name\":\"Home\",\"item\":\"https:\\\/\\\/givingkitchen.org\\\/es\\\/\"},{\"@type\":\"ListItem\",\"position\":2,\"name\":\"Pedir ayuda\"}]},{\"@type\":\"WebSite\",\"@id\":\"https:\\\/\\\/givingkitchen.org\\\/es\\\/#website\",\"url\":\"https:\\\/\\\/givingkitchen.org\\\/es\\\/\",\"name\":\"Giving Kitchen\",\"description\":\"\",\"potentialAction\":[{\"@type\":\"SearchAction\",\"target\":{\"@type\":\"EntryPoint\",\"urlTemplate\":\"https:\\\/\\\/givingkitchen.org\\\/es\\\/?s={search_term_string}\"},\"query-input\":{\"@type\":\"PropertyValueSpecification\",\"valueRequired\":true,\"valueName\":\"search_term_string\"}}],\"inLanguage\":\"es\"}]}<\/script>\n<!-- \/ Yoast SEO plugin. -->","yoast_head_json":{"title":"Pedir ayuda","description":"Si usted es un trabajador de servicios alimentarios en crisis, dedique un momento a rellenar nuestro formulario y recibir\u00e1 un correo electr\u00f3nico de Giving Kitchen con m\u00e1s informaci\u00f3n.","robots":{"index":"index","follow":"follow","max-snippet":"max-snippet:-1","max-image-preview":"max-image-preview:large","max-video-preview":"max-video-preview:-1"},"canonical":"https:\/\/givingkitchen.org\/es\/help\/","og_locale":"es_ES","og_type":"article","og_title":"Pedir ayuda","og_description":"Si usted es un trabajador de servicios alimentarios en crisis, dedique un momento a rellenar nuestro formulario y recibir\u00e1 un correo electr\u00f3nico de Giving Kitchen con m\u00e1s informaci\u00f3n.","og_url":"https:\/\/givingkitchen.org\/es\/help\/","og_site_name":"Giving Kitchen","article_modified_time":"2026-02-12T19:03:39+00:00","og_image":[{"width":2084,"height":1330,"url":"https:\/\/givingkitchen.org\/wp-content\/uploads\/2025\/03\/website_hero-e1743706953140.png","type":"image\/png"}],"twitter_card":"summary_large_image","schema":{"@context":"https:\/\/schema.org","@graph":[{"@type":"WebPage","@id":"https:\/\/givingkitchen.org\/es\/help\/","url":"https:\/\/givingkitchen.org\/es\/help\/","name":"Pedir ayuda","isPartOf":{"@id":"https:\/\/givingkitchen.org\/es\/#website"},"datePublished":"2025-01-23T12:38:53+00:00","dateModified":"2026-02-12T19:03:39+00:00","description":"Si usted es un trabajador de servicios alimentarios en crisis, dedique un momento a rellenar nuestro formulario y recibir\u00e1 un correo electr\u00f3nico de Giving Kitchen con m\u00e1s informaci\u00f3n.","breadcrumb":{"@id":"https:\/\/givingkitchen.org\/es\/help\/#breadcrumb"},"inLanguage":"es","potentialAction":[{"@type":"ReadAction","target":["https:\/\/givingkitchen.org\/es\/help\/"]}]},{"@type":"BreadcrumbList","@id":"https:\/\/givingkitchen.org\/es\/help\/#breadcrumb","itemListElement":[{"@type":"ListItem","position":1,"name":"Home","item":"https:\/\/givingkitchen.org\/es\/"},{"@type":"ListItem","position":2,"name":"Pedir ayuda"}]},{"@type":"WebSite","@id":"https:\/\/givingkitchen.org\/es\/#website","url":"https:\/\/givingkitchen.org\/es\/","name":"Giving Kitchen","description":"","potentialAction":[{"@type":"SearchAction","target":{"@type":"EntryPoint","urlTemplate":"https:\/\/givingkitchen.org\/es\/?s={search_term_string}"},"query-input":{"@type":"PropertyValueSpecification","valueRequired":true,"valueName":"search_term_string"}}],"inLanguage":"es"}]}},"_links":{"self":[{"href":"https:\/\/givingkitchen.org\/es\/wp-json\/wp\/v2\/pages\/4801","targetHints":{"allow":["GET"]}}],"collection":[{"href":"https:\/\/givingkitchen.org\/es\/wp-json\/wp\/v2\/pages"}],"about":[{"href":"https:\/\/givingkitchen.org\/es\/wp-json\/wp\/v2\/types\/page"}],"author":[{"embeddable":true,"href":"https:\/\/givingkitchen.org\/es\/wp-json\/wp\/v2\/users\/3"}],"replies":[{"embeddable":true,"href":"https:\/\/givingkitchen.org\/es\/wp-json\/wp\/v2\/comments?post=4801"}],"version-history":[{"count":0,"href":"https:\/\/givingkitchen.org\/es\/wp-json\/wp\/v2\/pages\/4801\/revisions"}],"wp:attachment":[{"href":"https:\/\/givingkitchen.org\/es\/wp-json\/wp\/v2\/media?parent=4801"}],"curies":[{"name":"wp","href":"https:\/\/api.w.org\/{rel}","templated":true}]}}