{"id":4784,"date":"2024-12-02T12:08:01","date_gmt":"2024-12-02T12:08:01","guid":{"rendered":"https:\/\/givingkitchen.org\/stories\/"},"modified":"2025-03-24T16:14:41","modified_gmt":"2025-03-24T16:14:41","slug":"stories","status":"publish","type":"page","link":"https:\/\/givingkitchen.org\/es\/stories\/","title":{"rendered":"Historias"},"content":{"rendered":"\r\n<p>Esta es una p\u00e1gina de ejemplo. Es diferente de una entrada de blog porque permanecer\u00e1 en un lugar y se mostrar\u00e1 en la navegaci\u00f3n de su sitio (en la mayor\u00eda de los temas). La mayor\u00eda de la gente comienza con una p\u00e1gina Acerca de que los introduce a los visitantes potenciales del sitio. Podr\u00eda decir algo como esto:<\/p>\r\n\r\n\r\n\r\n<blockquote class=\"wp-block-quote is-layout-flow wp-block-quote-is-layout-flow\">\r\n<p>Hola a todos. Soy mensajero en bicicleta de d\u00eda, aspirante a actor de noche, y este es mi sitio web. Vivo en Los \u00c1ngeles, tengo un perro estupendo que se llama Jack y me gustan las pi\u00f1as coladas. (Y que me pille la lluvia).<\/p>\r\n<\/blockquote>\r\n\r\n\r\n\r\n<p>&#8230;o algo as\u00ed:<\/p>\r\n\r\n\r\n\r\n<blockquote class=\"wp-block-quote is-layout-flow wp-block-quote-is-layout-flow\">\r\n<p>XYZ Doohickey Company se fund\u00f3 en 1971 y, desde entonces, ofrece al p\u00fablico doohickeys de calidad. Situada en Gotham City, XYZ emplea a m\u00e1s de 2.000 personas y hace todo tipo de cosas incre\u00edbles para la comunidad de Gotham.<\/p>\r\n<\/blockquote>\r\n\r\n\r\n\r\n<p>Como nuevo usuario de WordPress, debe ir a <a href=\"http:\/\/localhost\/givingkitchen\/wp-admin\/\">su panel de control<\/a> para eliminar esta p\u00e1gina y crear nuevas p\u00e1ginas para su contenido. \u00a1Divi\u00e9rtete!<\/p>\r\n","protected":false},"excerpt":{"rendered":"<p>Esta es una p\u00e1gina de ejemplo. Es diferente de una entrada de blog porque permanecer\u00e1 en un lugar y se mostrar\u00e1 en la navegaci\u00f3n de su sitio (en la mayor\u00eda de los temas). La mayor\u00eda de la gente comienza con una p\u00e1gina Acerca de que los introduce a los visitantes potenciales del sitio. Podr\u00eda decir<\/p>\n","protected":false},"author":1,"featured_media":0,"parent":0,"menu_order":0,"comment_status":"closed","ping_status":"closed","template":"","meta":{"footnotes":""},"class_list":["post-4784","page","type-page","status-publish","hentry"],"acf":[],"yoast_head":"<!-- This site is optimized with the Yoast SEO plugin v27.4 - https:\/\/yoast.com\/product\/yoast-seo-wordpress\/ -->\n<title>Historias - Giving Kitchen Clientes e historias de \u00e9xito<\/title>\n<meta name=\"description\" content=\"Lea las historias personales de los trabajadores del sector alimentario a los que hemos ayudado, as\u00ed como las historias de los simpatizantes de Giving Kitchen.\" \/>\n<meta name=\"robots\" content=\"index, follow, max-snippet:-1, max-image-preview:large, max-video-preview:-1\" \/>\n<link rel=\"canonical\" href=\"https:\/\/givingkitchen.org\/es\/stories\/\" \/>\n<meta property=\"og:locale\" content=\"es_ES\" \/>\n<meta property=\"og:type\" content=\"article\" \/>\n<meta property=\"og:title\" content=\"Historias - Giving Kitchen Clientes e historias de \u00e9xito\" \/>\n<meta property=\"og:description\" content=\"Lea las historias personales de los trabajadores del sector alimentario a los que hemos ayudado, as\u00ed como las historias de los simpatizantes de Giving Kitchen.\" \/>\n<meta property=\"og:url\" content=\"https:\/\/givingkitchen.org\/es\/stories\/\" \/>\n<meta property=\"og:site_name\" content=\"Giving Kitchen\" \/>\n<meta property=\"article:modified_time\" content=\"2025-03-24T16:14:41+00:00\" \/>\n<meta property=\"og:image\" content=\"https:\/\/givingkitchen.org\/wp-content\/uploads\/2025\/03\/website_hero-e1743706953140.png\" \/>\n\t<meta property=\"og:image:width\" content=\"2084\" \/>\n\t<meta property=\"og:image:height\" content=\"1330\" \/>\n\t<meta property=\"og:image:type\" content=\"image\/png\" \/>\n<meta name=\"twitter:card\" content=\"summary_large_image\" \/>\n<meta name=\"twitter:label1\" content=\"Est. reading time\" \/>\n\t<meta name=\"twitter:data1\" content=\"1 minuto\" \/>\n<script type=\"application\/ld+json\" class=\"yoast-schema-graph\">{\"@context\":\"https:\\\/\\\/schema.org\",\"@graph\":[{\"@type\":\"WebPage\",\"@id\":\"https:\\\/\\\/givingkitchen.org\\\/es\\\/stories\\\/\",\"url\":\"https:\\\/\\\/givingkitchen.org\\\/es\\\/stories\\\/\",\"name\":\"Historias - Giving Kitchen Clientes e historias de \u00e9xito\",\"isPartOf\":{\"@id\":\"https:\\\/\\\/givingkitchen.org\\\/es\\\/#website\"},\"datePublished\":\"2024-12-02T12:08:01+00:00\",\"dateModified\":\"2025-03-24T16:14:41+00:00\",\"description\":\"Lea las historias personales de los trabajadores del sector alimentario a los que hemos ayudado, as\u00ed como las historias de los simpatizantes de Giving Kitchen.\",\"breadcrumb\":{\"@id\":\"https:\\\/\\\/givingkitchen.org\\\/es\\\/stories\\\/#breadcrumb\"},\"inLanguage\":\"es\",\"potentialAction\":[{\"@type\":\"ReadAction\",\"target\":[\"https:\\\/\\\/givingkitchen.org\\\/es\\\/stories\\\/\"]}]},{\"@type\":\"BreadcrumbList\",\"@id\":\"https:\\\/\\\/givingkitchen.org\\\/es\\\/stories\\\/#breadcrumb\",\"itemListElement\":[{\"@type\":\"ListItem\",\"position\":1,\"name\":\"Home\",\"item\":\"https:\\\/\\\/givingkitchen.org\\\/es\\\/\"},{\"@type\":\"ListItem\",\"position\":2,\"name\":\"Historias\"}]},{\"@type\":\"WebSite\",\"@id\":\"https:\\\/\\\/givingkitchen.org\\\/es\\\/#website\",\"url\":\"https:\\\/\\\/givingkitchen.org\\\/es\\\/\",\"name\":\"Giving Kitchen\",\"description\":\"\",\"potentialAction\":[{\"@type\":\"SearchAction\",\"target\":{\"@type\":\"EntryPoint\",\"urlTemplate\":\"https:\\\/\\\/givingkitchen.org\\\/es\\\/?s={search_term_string}\"},\"query-input\":{\"@type\":\"PropertyValueSpecification\",\"valueRequired\":true,\"valueName\":\"search_term_string\"}}],\"inLanguage\":\"es\"}]}<\/script>\n<!-- \/ Yoast SEO plugin. -->","yoast_head_json":{"title":"Historias - Giving Kitchen Clientes e historias de \u00e9xito","description":"Lea las historias personales de los trabajadores del sector alimentario a los que hemos ayudado, as\u00ed como las historias de los simpatizantes de Giving Kitchen.","robots":{"index":"index","follow":"follow","max-snippet":"max-snippet:-1","max-image-preview":"max-image-preview:large","max-video-preview":"max-video-preview:-1"},"canonical":"https:\/\/givingkitchen.org\/es\/stories\/","og_locale":"es_ES","og_type":"article","og_title":"Historias - Giving Kitchen Clientes e historias de \u00e9xito","og_description":"Lea las historias personales de los trabajadores del sector alimentario a los que hemos ayudado, as\u00ed como las historias de los simpatizantes de Giving Kitchen.","og_url":"https:\/\/givingkitchen.org\/es\/stories\/","og_site_name":"Giving Kitchen","article_modified_time":"2025-03-24T16:14:41+00:00","og_image":[{"width":2084,"height":1330,"url":"https:\/\/givingkitchen.org\/wp-content\/uploads\/2025\/03\/website_hero-e1743706953140.png","type":"image\/png"}],"twitter_card":"summary_large_image","twitter_misc":{"Est. reading time":"1 minuto"},"schema":{"@context":"https:\/\/schema.org","@graph":[{"@type":"WebPage","@id":"https:\/\/givingkitchen.org\/es\/stories\/","url":"https:\/\/givingkitchen.org\/es\/stories\/","name":"Historias - Giving Kitchen Clientes e historias de \u00e9xito","isPartOf":{"@id":"https:\/\/givingkitchen.org\/es\/#website"},"datePublished":"2024-12-02T12:08:01+00:00","dateModified":"2025-03-24T16:14:41+00:00","description":"Lea las historias personales de los trabajadores del sector alimentario a los que hemos ayudado, as\u00ed como las historias de los simpatizantes de Giving Kitchen.","breadcrumb":{"@id":"https:\/\/givingkitchen.org\/es\/stories\/#breadcrumb"},"inLanguage":"es","potentialAction":[{"@type":"ReadAction","target":["https:\/\/givingkitchen.org\/es\/stories\/"]}]},{"@type":"BreadcrumbList","@id":"https:\/\/givingkitchen.org\/es\/stories\/#breadcrumb","itemListElement":[{"@type":"ListItem","position":1,"name":"Home","item":"https:\/\/givingkitchen.org\/es\/"},{"@type":"ListItem","position":2,"name":"Historias"}]},{"@type":"WebSite","@id":"https:\/\/givingkitchen.org\/es\/#website","url":"https:\/\/givingkitchen.org\/es\/","name":"Giving Kitchen","description":"","potentialAction":[{"@type":"SearchAction","target":{"@type":"EntryPoint","urlTemplate":"https:\/\/givingkitchen.org\/es\/?s={search_term_string}"},"query-input":{"@type":"PropertyValueSpecification","valueRequired":true,"valueName":"search_term_string"}}],"inLanguage":"es"}]}},"_links":{"self":[{"href":"https:\/\/givingkitchen.org\/es\/wp-json\/wp\/v2\/pages\/4784","targetHints":{"allow":["GET"]}}],"collection":[{"href":"https:\/\/givingkitchen.org\/es\/wp-json\/wp\/v2\/pages"}],"about":[{"href":"https:\/\/givingkitchen.org\/es\/wp-json\/wp\/v2\/types\/page"}],"author":[{"embeddable":true,"href":"https:\/\/givingkitchen.org\/es\/wp-json\/wp\/v2\/users\/1"}],"replies":[{"embeddable":true,"href":"https:\/\/givingkitchen.org\/es\/wp-json\/wp\/v2\/comments?post=4784"}],"version-history":[{"count":0,"href":"https:\/\/givingkitchen.org\/es\/wp-json\/wp\/v2\/pages\/4784\/revisions"}],"wp:attachment":[{"href":"https:\/\/givingkitchen.org\/es\/wp-json\/wp\/v2\/media?parent=4784"}],"curies":[{"name":"wp","href":"https:\/\/api.w.org\/{rel}","templated":true}]}}