{"id":4473,"date":"2024-12-02T12:07:03","date_gmt":"2024-12-02T12:07:03","guid":{"rendered":"https:\/\/givingkitchen.org\/how-we-help\/qpr\/"},"modified":"2025-03-18T13:57:06","modified_gmt":"2025-03-18T13:57:06","slug":"qpr","status":"publish","type":"page","link":"https:\/\/givingkitchen.org\/es\/how-we-help\/qpr\/","title":{"rendered":"Formaci\u00f3n QPR"},"content":{"rendered":"","protected":false},"excerpt":{"rendered":"","protected":false},"author":1,"featured_media":0,"parent":4468,"menu_order":0,"comment_status":"closed","ping_status":"closed","template":"","meta":{"footnotes":""},"class_list":["post-4473","page","type-page","status-publish","hentry"],"acf":[],"yoast_head":"<!-- This site is optimized with the Yoast SEO plugin v27.4 - https:\/\/yoast.com\/product\/yoast-seo-wordpress\/ -->\n<title>Formaci\u00f3n QPR - Giving Kitchen Prevenci\u00f3n del suicidio<\/title>\n<meta name=\"description\" content=\"Formaci\u00f3n gratuita en l\u00ednea sobre QPR para trabajadores de servicios alimentarios. Aprenda a reconocer las se\u00f1ales de advertencia del suicidio y a ayudar a quienes lo necesitan.\" \/>\n<meta name=\"robots\" content=\"index, follow, max-snippet:-1, max-image-preview:large, max-video-preview:-1\" \/>\n<link rel=\"canonical\" href=\"https:\/\/givingkitchen.org\/es\/how-we-help\/qpr\/\" \/>\n<meta property=\"og:locale\" content=\"es_ES\" \/>\n<meta property=\"og:type\" content=\"article\" \/>\n<meta property=\"og:title\" content=\"Formaci\u00f3n QPR - Giving Kitchen Prevenci\u00f3n del suicidio\" \/>\n<meta property=\"og:description\" content=\"Formaci\u00f3n gratuita en l\u00ednea sobre QPR para trabajadores de servicios alimentarios. Aprenda a reconocer las se\u00f1ales de advertencia del suicidio y a ayudar a quienes lo necesitan.\" \/>\n<meta property=\"og:url\" content=\"https:\/\/givingkitchen.org\/es\/how-we-help\/qpr\/\" \/>\n<meta property=\"og:site_name\" content=\"Giving Kitchen\" \/>\n<meta property=\"article:modified_time\" content=\"2025-03-18T13:57:06+00:00\" \/>\n<meta property=\"og:image\" content=\"https:\/\/givingkitchen.org\/wp-content\/uploads\/2025\/03\/website_hero-e1743706953140.png\" \/>\n\t<meta property=\"og:image:width\" content=\"2084\" \/>\n\t<meta property=\"og:image:height\" content=\"1330\" \/>\n\t<meta property=\"og:image:type\" content=\"image\/png\" \/>\n<meta name=\"twitter:card\" content=\"summary_large_image\" \/>\n<script type=\"application\/ld+json\" class=\"yoast-schema-graph\">{\"@context\":\"https:\\\/\\\/schema.org\",\"@graph\":[{\"@type\":\"WebPage\",\"@id\":\"https:\\\/\\\/givingkitchen.org\\\/es\\\/how-we-help\\\/qpr\\\/\",\"url\":\"https:\\\/\\\/givingkitchen.org\\\/es\\\/how-we-help\\\/qpr\\\/\",\"name\":\"Formaci\u00f3n QPR - Giving Kitchen Prevenci\u00f3n del suicidio\",\"isPartOf\":{\"@id\":\"https:\\\/\\\/givingkitchen.org\\\/es\\\/#website\"},\"datePublished\":\"2024-12-02T12:07:03+00:00\",\"dateModified\":\"2025-03-18T13:57:06+00:00\",\"description\":\"Formaci\u00f3n gratuita en l\u00ednea sobre QPR para trabajadores de servicios alimentarios. Aprenda a reconocer las se\u00f1ales de advertencia del suicidio y a ayudar a quienes lo necesitan.\",\"breadcrumb\":{\"@id\":\"https:\\\/\\\/givingkitchen.org\\\/es\\\/how-we-help\\\/qpr\\\/#breadcrumb\"},\"inLanguage\":\"es\",\"potentialAction\":[{\"@type\":\"ReadAction\",\"target\":[\"https:\\\/\\\/givingkitchen.org\\\/es\\\/how-we-help\\\/qpr\\\/\"]}]},{\"@type\":\"BreadcrumbList\",\"@id\":\"https:\\\/\\\/givingkitchen.org\\\/es\\\/how-we-help\\\/qpr\\\/#breadcrumb\",\"itemListElement\":[{\"@type\":\"ListItem\",\"position\":1,\"name\":\"Home\",\"item\":\"https:\\\/\\\/givingkitchen.org\\\/es\\\/\"},{\"@type\":\"ListItem\",\"position\":2,\"name\":\"C\u00f3mo ayudamos\",\"item\":\"https:\\\/\\\/givingkitchen.org\\\/es\\\/how-we-help\\\/\"},{\"@type\":\"ListItem\",\"position\":3,\"name\":\"Formaci\u00f3n QPR\"}]},{\"@type\":\"WebSite\",\"@id\":\"https:\\\/\\\/givingkitchen.org\\\/es\\\/#website\",\"url\":\"https:\\\/\\\/givingkitchen.org\\\/es\\\/\",\"name\":\"Giving Kitchen\",\"description\":\"\",\"potentialAction\":[{\"@type\":\"SearchAction\",\"target\":{\"@type\":\"EntryPoint\",\"urlTemplate\":\"https:\\\/\\\/givingkitchen.org\\\/es\\\/?s={search_term_string}\"},\"query-input\":{\"@type\":\"PropertyValueSpecification\",\"valueRequired\":true,\"valueName\":\"search_term_string\"}}],\"inLanguage\":\"es\"}]}<\/script>\n<!-- \/ Yoast SEO plugin. -->","yoast_head_json":{"title":"Formaci\u00f3n QPR - Giving Kitchen Prevenci\u00f3n del suicidio","description":"Formaci\u00f3n gratuita en l\u00ednea sobre QPR para trabajadores de servicios alimentarios. Aprenda a reconocer las se\u00f1ales de advertencia del suicidio y a ayudar a quienes lo necesitan.","robots":{"index":"index","follow":"follow","max-snippet":"max-snippet:-1","max-image-preview":"max-image-preview:large","max-video-preview":"max-video-preview:-1"},"canonical":"https:\/\/givingkitchen.org\/es\/how-we-help\/qpr\/","og_locale":"es_ES","og_type":"article","og_title":"Formaci\u00f3n QPR - Giving Kitchen Prevenci\u00f3n del suicidio","og_description":"Formaci\u00f3n gratuita en l\u00ednea sobre QPR para trabajadores de servicios alimentarios. Aprenda a reconocer las se\u00f1ales de advertencia del suicidio y a ayudar a quienes lo necesitan.","og_url":"https:\/\/givingkitchen.org\/es\/how-we-help\/qpr\/","og_site_name":"Giving Kitchen","article_modified_time":"2025-03-18T13:57:06+00:00","og_image":[{"width":2084,"height":1330,"url":"https:\/\/givingkitchen.org\/wp-content\/uploads\/2025\/03\/website_hero-e1743706953140.png","type":"image\/png"}],"twitter_card":"summary_large_image","schema":{"@context":"https:\/\/schema.org","@graph":[{"@type":"WebPage","@id":"https:\/\/givingkitchen.org\/es\/how-we-help\/qpr\/","url":"https:\/\/givingkitchen.org\/es\/how-we-help\/qpr\/","name":"Formaci\u00f3n QPR - Giving Kitchen Prevenci\u00f3n del suicidio","isPartOf":{"@id":"https:\/\/givingkitchen.org\/es\/#website"},"datePublished":"2024-12-02T12:07:03+00:00","dateModified":"2025-03-18T13:57:06+00:00","description":"Formaci\u00f3n gratuita en l\u00ednea sobre QPR para trabajadores de servicios alimentarios. Aprenda a reconocer las se\u00f1ales de advertencia del suicidio y a ayudar a quienes lo necesitan.","breadcrumb":{"@id":"https:\/\/givingkitchen.org\/es\/how-we-help\/qpr\/#breadcrumb"},"inLanguage":"es","potentialAction":[{"@type":"ReadAction","target":["https:\/\/givingkitchen.org\/es\/how-we-help\/qpr\/"]}]},{"@type":"BreadcrumbList","@id":"https:\/\/givingkitchen.org\/es\/how-we-help\/qpr\/#breadcrumb","itemListElement":[{"@type":"ListItem","position":1,"name":"Home","item":"https:\/\/givingkitchen.org\/es\/"},{"@type":"ListItem","position":2,"name":"C\u00f3mo ayudamos","item":"https:\/\/givingkitchen.org\/es\/how-we-help\/"},{"@type":"ListItem","position":3,"name":"Formaci\u00f3n QPR"}]},{"@type":"WebSite","@id":"https:\/\/givingkitchen.org\/es\/#website","url":"https:\/\/givingkitchen.org\/es\/","name":"Giving Kitchen","description":"","potentialAction":[{"@type":"SearchAction","target":{"@type":"EntryPoint","urlTemplate":"https:\/\/givingkitchen.org\/es\/?s={search_term_string}"},"query-input":{"@type":"PropertyValueSpecification","valueRequired":true,"valueName":"search_term_string"}}],"inLanguage":"es"}]}},"_links":{"self":[{"href":"https:\/\/givingkitchen.org\/es\/wp-json\/wp\/v2\/pages\/4473","targetHints":{"allow":["GET"]}}],"collection":[{"href":"https:\/\/givingkitchen.org\/es\/wp-json\/wp\/v2\/pages"}],"about":[{"href":"https:\/\/givingkitchen.org\/es\/wp-json\/wp\/v2\/types\/page"}],"author":[{"embeddable":true,"href":"https:\/\/givingkitchen.org\/es\/wp-json\/wp\/v2\/users\/1"}],"replies":[{"embeddable":true,"href":"https:\/\/givingkitchen.org\/es\/wp-json\/wp\/v2\/comments?post=4473"}],"version-history":[{"count":0,"href":"https:\/\/givingkitchen.org\/es\/wp-json\/wp\/v2\/pages\/4473\/revisions"}],"up":[{"embeddable":true,"href":"https:\/\/givingkitchen.org\/es\/wp-json\/wp\/v2\/pages\/4468"}],"wp:attachment":[{"href":"https:\/\/givingkitchen.org\/es\/wp-json\/wp\/v2\/media?parent=4473"}],"curies":[{"name":"wp","href":"https:\/\/api.w.org\/{rel}","templated":true}]}}