{"id":4307,"date":"2025-02-14T15:37:42","date_gmt":"2025-02-14T15:37:42","guid":{"rendered":"https:\/\/givingkitchen.org\/careers\/"},"modified":"2025-03-19T16:39:27","modified_gmt":"2025-03-19T16:39:27","slug":"careers","status":"publish","type":"page","link":"https:\/\/givingkitchen.org\/es\/careers\/","title":{"rendered":"Carreras profesionales"},"content":{"rendered":"","protected":false},"excerpt":{"rendered":"","protected":false},"author":2,"featured_media":4935,"parent":0,"menu_order":0,"comment_status":"closed","ping_status":"closed","template":"","meta":{"footnotes":""},"class_list":["post-4307","page","type-page","status-publish","has-post-thumbnail","hentry"],"acf":[],"yoast_head":"<!-- This site is optimized with the Yoast SEO plugin v27.3 - https:\/\/yoast.com\/product\/yoast-seo-wordpress\/ -->\n<title>Giving Kitchen Empleo - \u00danete a nosotros<\/title>\n<meta name=\"description\" content=\"Convi\u00e9rtete en miembro del equipo de Giving Kitchen y \u00fanete a nuestra misi\u00f3n de ayudar a los trabajadores de servicios alimentarios en crisis. Encuentre puestos vacantes y presente su candidatura aqu\u00ed.\" \/>\n<meta name=\"robots\" content=\"index, follow, max-snippet:-1, max-image-preview:large, max-video-preview:-1\" \/>\n<link rel=\"canonical\" href=\"https:\/\/givingkitchen.org\/es\/careers\/\" \/>\n<meta property=\"og:locale\" content=\"es_ES\" \/>\n<meta property=\"og:type\" content=\"article\" \/>\n<meta property=\"og:title\" content=\"Giving Kitchen Empleo - \u00danete a nosotros\" \/>\n<meta property=\"og:description\" content=\"Convi\u00e9rtete en miembro del equipo de Giving Kitchen y \u00fanete a nuestra misi\u00f3n de ayudar a los trabajadores de servicios alimentarios en crisis. Encuentre puestos vacantes y presente su candidatura aqu\u00ed.\" \/>\n<meta property=\"og:url\" content=\"https:\/\/givingkitchen.org\/es\/careers\/\" \/>\n<meta property=\"og:site_name\" content=\"Giving Kitchen\" \/>\n<meta property=\"article:modified_time\" content=\"2025-03-19T16:39:27+00:00\" \/>\n<meta property=\"og:image\" content=\"https:\/\/givingkitchen.org\/wp-content\/uploads\/2025\/02\/Giving_Kitchen_Team_Hidi_03_17_2024_400_digital.jpg\" \/>\n\t<meta property=\"og:image:width\" content=\"1199\" \/>\n\t<meta property=\"og:image:height\" content=\"800\" \/>\n\t<meta property=\"og:image:type\" content=\"image\/jpeg\" \/>\n<meta name=\"twitter:card\" content=\"summary_large_image\" \/>\n<meta name=\"twitter:label1\" content=\"Est. reading time\" \/>\n\t<meta name=\"twitter:data1\" content=\"1 minuto\" \/>\n<script type=\"application\/ld+json\" class=\"yoast-schema-graph\">{\"@context\":\"https:\\\/\\\/schema.org\",\"@graph\":[{\"@type\":\"WebPage\",\"@id\":\"https:\\\/\\\/givingkitchen.org\\\/es\\\/careers\\\/\",\"url\":\"https:\\\/\\\/givingkitchen.org\\\/es\\\/careers\\\/\",\"name\":\"Giving Kitchen Empleo - \u00danete a nosotros\",\"isPartOf\":{\"@id\":\"https:\\\/\\\/givingkitchen.org\\\/es\\\/#website\"},\"primaryImageOfPage\":{\"@id\":\"https:\\\/\\\/givingkitchen.org\\\/es\\\/careers\\\/#primaryimage\"},\"image\":{\"@id\":\"https:\\\/\\\/givingkitchen.org\\\/es\\\/careers\\\/#primaryimage\"},\"thumbnailUrl\":\"https:\\\/\\\/givingkitchen.org\\\/wp-content\\\/uploads\\\/2025\\\/03\\\/GJ4A7456.jpg\",\"datePublished\":\"2025-02-14T15:37:42+00:00\",\"dateModified\":\"2025-03-19T16:39:27+00:00\",\"description\":\"Convi\u00e9rtete en miembro del equipo de Giving Kitchen y \u00fanete a nuestra misi\u00f3n de ayudar a los trabajadores de servicios alimentarios en crisis. Encuentre puestos vacantes y presente su candidatura aqu\u00ed.\",\"breadcrumb\":{\"@id\":\"https:\\\/\\\/givingkitchen.org\\\/es\\\/careers\\\/#breadcrumb\"},\"inLanguage\":\"es\",\"potentialAction\":[{\"@type\":\"ReadAction\",\"target\":[\"https:\\\/\\\/givingkitchen.org\\\/es\\\/careers\\\/\"]}]},{\"@type\":\"ImageObject\",\"inLanguage\":\"es\",\"@id\":\"https:\\\/\\\/givingkitchen.org\\\/es\\\/careers\\\/#primaryimage\",\"url\":\"https:\\\/\\\/givingkitchen.org\\\/wp-content\\\/uploads\\\/2025\\\/03\\\/GJ4A7456.jpg\",\"contentUrl\":\"https:\\\/\\\/givingkitchen.org\\\/wp-content\\\/uploads\\\/2025\\\/03\\\/GJ4A7456.jpg\",\"width\":2304,\"height\":1537,\"caption\":\"Giving Kitchen staff on the field at Truist Park during Team Hidi\"},{\"@type\":\"BreadcrumbList\",\"@id\":\"https:\\\/\\\/givingkitchen.org\\\/es\\\/careers\\\/#breadcrumb\",\"itemListElement\":[{\"@type\":\"ListItem\",\"position\":1,\"name\":\"Home\",\"item\":\"https:\\\/\\\/givingkitchen.org\\\/es\\\/\"},{\"@type\":\"ListItem\",\"position\":2,\"name\":\"Carreras profesionales\"}]},{\"@type\":\"WebSite\",\"@id\":\"https:\\\/\\\/givingkitchen.org\\\/es\\\/#website\",\"url\":\"https:\\\/\\\/givingkitchen.org\\\/es\\\/\",\"name\":\"Giving Kitchen\",\"description\":\"\",\"potentialAction\":[{\"@type\":\"SearchAction\",\"target\":{\"@type\":\"EntryPoint\",\"urlTemplate\":\"https:\\\/\\\/givingkitchen.org\\\/es\\\/?s={search_term_string}\"},\"query-input\":{\"@type\":\"PropertyValueSpecification\",\"valueRequired\":true,\"valueName\":\"search_term_string\"}}],\"inLanguage\":\"es\"}]}<\/script>\n<!-- \/ Yoast SEO plugin. -->","yoast_head_json":{"title":"Giving Kitchen Empleo - \u00danete a nosotros","description":"Convi\u00e9rtete en miembro del equipo de Giving Kitchen y \u00fanete a nuestra misi\u00f3n de ayudar a los trabajadores de servicios alimentarios en crisis. Encuentre puestos vacantes y presente su candidatura aqu\u00ed.","robots":{"index":"index","follow":"follow","max-snippet":"max-snippet:-1","max-image-preview":"max-image-preview:large","max-video-preview":"max-video-preview:-1"},"canonical":"https:\/\/givingkitchen.org\/es\/careers\/","og_locale":"es_ES","og_type":"article","og_title":"Giving Kitchen Empleo - \u00danete a nosotros","og_description":"Convi\u00e9rtete en miembro del equipo de Giving Kitchen y \u00fanete a nuestra misi\u00f3n de ayudar a los trabajadores de servicios alimentarios en crisis. Encuentre puestos vacantes y presente su candidatura aqu\u00ed.","og_url":"https:\/\/givingkitchen.org\/es\/careers\/","og_site_name":"Giving Kitchen","article_modified_time":"2025-03-19T16:39:27+00:00","og_image":[{"width":1199,"height":800,"url":"https:\/\/givingkitchen.org\/wp-content\/uploads\/2025\/02\/Giving_Kitchen_Team_Hidi_03_17_2024_400_digital.jpg","type":"image\/jpeg"}],"twitter_card":"summary_large_image","twitter_misc":{"Est. reading time":"1 minuto"},"schema":{"@context":"https:\/\/schema.org","@graph":[{"@type":"WebPage","@id":"https:\/\/givingkitchen.org\/es\/careers\/","url":"https:\/\/givingkitchen.org\/es\/careers\/","name":"Giving Kitchen Empleo - \u00danete a nosotros","isPartOf":{"@id":"https:\/\/givingkitchen.org\/es\/#website"},"primaryImageOfPage":{"@id":"https:\/\/givingkitchen.org\/es\/careers\/#primaryimage"},"image":{"@id":"https:\/\/givingkitchen.org\/es\/careers\/#primaryimage"},"thumbnailUrl":"https:\/\/givingkitchen.org\/wp-content\/uploads\/2025\/03\/GJ4A7456.jpg","datePublished":"2025-02-14T15:37:42+00:00","dateModified":"2025-03-19T16:39:27+00:00","description":"Convi\u00e9rtete en miembro del equipo de Giving Kitchen y \u00fanete a nuestra misi\u00f3n de ayudar a los trabajadores de servicios alimentarios en crisis. Encuentre puestos vacantes y presente su candidatura aqu\u00ed.","breadcrumb":{"@id":"https:\/\/givingkitchen.org\/es\/careers\/#breadcrumb"},"inLanguage":"es","potentialAction":[{"@type":"ReadAction","target":["https:\/\/givingkitchen.org\/es\/careers\/"]}]},{"@type":"ImageObject","inLanguage":"es","@id":"https:\/\/givingkitchen.org\/es\/careers\/#primaryimage","url":"https:\/\/givingkitchen.org\/wp-content\/uploads\/2025\/03\/GJ4A7456.jpg","contentUrl":"https:\/\/givingkitchen.org\/wp-content\/uploads\/2025\/03\/GJ4A7456.jpg","width":2304,"height":1537,"caption":"Giving Kitchen staff on the field at Truist Park during Team Hidi"},{"@type":"BreadcrumbList","@id":"https:\/\/givingkitchen.org\/es\/careers\/#breadcrumb","itemListElement":[{"@type":"ListItem","position":1,"name":"Home","item":"https:\/\/givingkitchen.org\/es\/"},{"@type":"ListItem","position":2,"name":"Carreras profesionales"}]},{"@type":"WebSite","@id":"https:\/\/givingkitchen.org\/es\/#website","url":"https:\/\/givingkitchen.org\/es\/","name":"Giving Kitchen","description":"","potentialAction":[{"@type":"SearchAction","target":{"@type":"EntryPoint","urlTemplate":"https:\/\/givingkitchen.org\/es\/?s={search_term_string}"},"query-input":{"@type":"PropertyValueSpecification","valueRequired":true,"valueName":"search_term_string"}}],"inLanguage":"es"}]}},"_links":{"self":[{"href":"https:\/\/givingkitchen.org\/es\/wp-json\/wp\/v2\/pages\/4307","targetHints":{"allow":["GET"]}}],"collection":[{"href":"https:\/\/givingkitchen.org\/es\/wp-json\/wp\/v2\/pages"}],"about":[{"href":"https:\/\/givingkitchen.org\/es\/wp-json\/wp\/v2\/types\/page"}],"author":[{"embeddable":true,"href":"https:\/\/givingkitchen.org\/es\/wp-json\/wp\/v2\/users\/2"}],"replies":[{"embeddable":true,"href":"https:\/\/givingkitchen.org\/es\/wp-json\/wp\/v2\/comments?post=4307"}],"version-history":[{"count":0,"href":"https:\/\/givingkitchen.org\/es\/wp-json\/wp\/v2\/pages\/4307\/revisions"}],"wp:featuredmedia":[{"embeddable":true,"href":"https:\/\/givingkitchen.org\/es\/wp-json\/wp\/v2\/media\/4935"}],"wp:attachment":[{"href":"https:\/\/givingkitchen.org\/es\/wp-json\/wp\/v2\/media?parent=4307"}],"curies":[{"name":"wp","href":"https:\/\/api.w.org\/{rel}","templated":true}]}}